{"id":18,"date":"2021-01-16T06:43:16","date_gmt":"2021-01-16T06:43:16","guid":{"rendered":"https:\/\/ertantric.com\/?page_id=18"},"modified":"2026-01-18T19:55:33","modified_gmt":"2026-01-18T19:55:33","slug":"ertantric-the-best-erotic-tantric-massage-in-guadalajara","status":"publish","type":"page","link":"https:\/\/ertantric.com\/es\/","title":{"rendered":"LA MEJOR EXPERIENCIA DE MASAJE ER\u00d3TICO T\u00c1NTRICO EN GUADALAJARA"},"content":{"rendered":"<div class=\"wp-block-jetpack-slideshow\" data-effect=\"slide\" style=\"--aspect-ratio:calc(640 \/ 384)\"><div class=\"wp-block-jetpack-slideshow_container swiper\"><ul class=\"wp-block-jetpack-slideshow_swiper-wrapper swiper-wrapper\"><li class=\"wp-block-jetpack-slideshow_slide swiper-slide\"><figure><img loading=\"lazy\" decoding=\"async\" width=\"1024\" height=\"614\" alt=\"\" class=\"wp-block-jetpack-slideshow_image wp-image-79\" data-id=\"79\" data-aspect-ratio=\"640 \/ 384\" src=\"https:\/\/ertantric.com\/wp-content\/uploads\/2021\/01\/cropped-home-imageer01-1024x614.jpg\" srcset=\"https:\/\/ertantric.com\/wp-content\/uploads\/2021\/01\/cropped-home-imageer01-1024x614.jpg 1024w, https:\/\/ertantric.com\/wp-content\/uploads\/2021\/01\/cropped-home-imageer01-300x180.jpg 300w, https:\/\/ertantric.com\/wp-content\/uploads\/2021\/01\/cropped-home-imageer01-768x461.jpg 768w, https:\/\/ertantric.com\/wp-content\/uploads\/2021\/01\/cropped-home-imageer01-1536x922.jpg 1536w, https:\/\/ertantric.com\/wp-content\/uploads\/2021\/01\/cropped-home-imageer01.jpg 2000w\" sizes=\"auto, (max-width: 767px) 89vw, (max-width: 1000px) 54vw, (max-width: 1071px) 543px, 580px\" \/><\/figure><\/li><li class=\"wp-block-jetpack-slideshow_slide swiper-slide\"><figure><img loading=\"lazy\" decoding=\"async\" width=\"1024\" height=\"614\" alt=\"\" class=\"wp-block-jetpack-slideshow_image wp-image-88\" data-id=\"88\" data-aspect-ratio=\"640 \/ 384\" src=\"https:\/\/ertantric.com\/wp-content\/uploads\/2021\/01\/cropped-erotic-massage00-1024x614.jpg\" srcset=\"https:\/\/ertantric.com\/wp-content\/uploads\/2021\/01\/cropped-erotic-massage00-1024x614.jpg 1024w, https:\/\/ertantric.com\/wp-content\/uploads\/2021\/01\/cropped-erotic-massage00-300x180.jpg 300w, https:\/\/ertantric.com\/wp-content\/uploads\/2021\/01\/cropped-erotic-massage00-768x461.jpg 768w, https:\/\/ertantric.com\/wp-content\/uploads\/2021\/01\/cropped-erotic-massage00-1536x922.jpg 1536w, https:\/\/ertantric.com\/wp-content\/uploads\/2021\/01\/cropped-erotic-massage00.jpg 2000w\" sizes=\"auto, (max-width: 767px) 89vw, (max-width: 1000px) 54vw, (max-width: 1071px) 543px, 580px\" \/><\/figure><\/li><li class=\"wp-block-jetpack-slideshow_slide swiper-slide\"><figure><img loading=\"lazy\" decoding=\"async\" width=\"1024\" height=\"597\" alt=\"\" class=\"wp-block-jetpack-slideshow_image wp-image-442\" data-id=\"442\" data-aspect-ratio=\"640 \/ 373\" src=\"https:\/\/ertantric.com\/wp-content\/uploads\/2023\/08\/Erotic-Massage-to-woman-1-1024x597.jpg\" srcset=\"https:\/\/ertantric.com\/wp-content\/uploads\/2023\/08\/Erotic-Massage-to-woman-1-1024x597.jpg 1024w, https:\/\/ertantric.com\/wp-content\/uploads\/2023\/08\/Erotic-Massage-to-woman-1-300x175.jpg 300w, https:\/\/ertantric.com\/wp-content\/uploads\/2023\/08\/Erotic-Massage-to-woman-1-768x448.jpg 768w, https:\/\/ertantric.com\/wp-content\/uploads\/2023\/08\/Erotic-Massage-to-woman-1.jpg 1200w\" sizes=\"auto, (max-width: 767px) 89vw, (max-width: 1000px) 54vw, (max-width: 1071px) 543px, 580px\" \/><\/figure><\/li><li class=\"wp-block-jetpack-slideshow_slide swiper-slide\"><figure><img loading=\"lazy\" decoding=\"async\" width=\"1024\" height=\"579\" alt=\"\" class=\"wp-block-jetpack-slideshow_image wp-image-574\" data-id=\"574\" data-aspect-ratio=\"640 \/ 362\" src=\"https:\/\/ertantric.com\/wp-content\/uploads\/2025\/09\/ertantric-women-1024x579.jpg\" srcset=\"https:\/\/ertantric.com\/wp-content\/uploads\/2025\/09\/ertantric-women-1024x579.jpg 1024w, https:\/\/ertantric.com\/wp-content\/uploads\/2025\/09\/ertantric-women-300x170.jpg 300w, https:\/\/ertantric.com\/wp-content\/uploads\/2025\/09\/ertantric-women-768x434.jpg 768w, https:\/\/ertantric.com\/wp-content\/uploads\/2025\/09\/ertantric-women-1536x868.jpg 1536w, https:\/\/ertantric.com\/wp-content\/uploads\/2025\/09\/ertantric-women-2048x1157.jpg 2048w, https:\/\/ertantric.com\/wp-content\/uploads\/2025\/09\/ertantric-women-18x10.jpg 18w\" sizes=\"auto, (max-width: 767px) 89vw, (max-width: 1000px) 54vw, (max-width: 1071px) 543px, 580px\" \/><\/figure><\/li><\/ul><a class=\"wp-block-jetpack-slideshow_button-prev swiper-button-prev swiper-button-white\" role=\"button\"><\/a><a class=\"wp-block-jetpack-slideshow_button-next swiper-button-next swiper-button-white\" role=\"button\"><\/a><a aria-label=\"Pause Slideshow\" class=\"wp-block-jetpack-slideshow_button-pause\" role=\"button\"><\/a><div class=\"wp-block-jetpack-slideshow_pagination swiper-pagination swiper-pagination-white\"><\/div><\/div><\/div>\n\n\n\n<p><strong>Masaje relajante profesional<\/strong> <strong>completo<\/strong> elevado a un agradable <strong>masaje erotico-t\u00e1ntrico<\/strong> que puede llevarte a una experiencia \u00fanica.<\/p>\n\n\n\n<p>Guadalajara, M\u00e9xico<\/p>\n\n\n\n<h1 class=\"wp-block-heading\"><strong>\u00bfQu\u00e9 es un masaje t\u00e1ntrico?<\/strong><\/h1>\n\n\n\n<p>Un masaje <strong>t\u00e1ntrico es un masaje curativo, nutritivo, \u00edntimo, relajante y descontracturante.<\/strong>El masaje se realiza contigo, totalmente desnudo-a para una mejor experiencia.<\/p>\n\n\n\n<p><strong>Se te invitar\u00e1 a tomar una respiraci\u00f3n profunda, a permanecer presente, consciente pero relajado, para expandir tu energ\u00eda sexual a trav\u00e9s de tu cuerpo, en lugar de solo enfocarte <strong>en tus<\/strong><\/strong> <strong>genitales. <\/strong>Esto da como resultado orgasmos asombrosos, pero lo m\u00e1s importante es unir tu centro sexual y tu coraz\u00f3n. <strong>Te vas de la sesi\u00f3n sinti\u00e9ndote muy centrado y relajado, probablemente inspirado, posiblemente incluso transformado. <\/strong>Todos siempre estamos transform\u00e1ndonos, y esta puede ser una de esas experiencias. Una que te abre a un conocimiento m\u00e1s profundo de ti y tu energ\u00eda sexual.<\/p>\n\n\n\n<p>Un masaje t\u00e1ntrico te introduce <strong>suavemente a las claves principales del Tantra: la respiraci\u00f3n y la presencia, <\/strong>la conexi\u00f3n consciente durante la excitaci\u00f3n y c\u00f3mo usar la imaginaci\u00f3n y la intenci\u00f3n de expandir la energ\u00eda sexual alrededor del cuerpo y crear una experiencia alucinante, desintegradora del ego, de cuerpo completo; estamos hablando de orgasmos a nivel celular.<\/p>\n\n\n\n<p>Es posible acceder a estados de trance, experiencias de dicha y uni\u00f3n con algo m\u00e1s grande que uno mismo permaneciendo presente. Respirando profundamente y prestando mucha atenci\u00f3n, el sexo se convierte en una experiencia espiritual.<\/p>\n\n\n\n<p>Al final de la sesi\u00f3n, puedes elegir eyacular, o no, tal vez quieras practicar la contenci\u00f3n de tu energ\u00eda sexual. Lo que decidas est\u00e1 bien.<\/p>\n\n\n\n<p><strong>Si te permites, si te dejas, si te crees que lo mereces, puede ser una memorable y poderosa experiencia.<\/strong><\/p>\n\n\n<div class=\"wp-block-image\">\n<figure class=\"aligncenter size-large is-resized\"><img loading=\"lazy\" decoding=\"async\" width=\"1024\" height=\"682\" src=\"https:\/\/ertantric.com\/wp-content\/uploads\/2021\/01\/tantra-massage.jpg\" alt=\"\" class=\"wp-image-108\" style=\"width:321px;height:213px\" srcset=\"https:\/\/ertantric.com\/wp-content\/uploads\/2021\/01\/tantra-massage.jpg 1024w, https:\/\/ertantric.com\/wp-content\/uploads\/2021\/01\/tantra-massage-300x200.jpg 300w, https:\/\/ertantric.com\/wp-content\/uploads\/2021\/01\/tantra-massage-768x512.jpg 768w\" sizes=\"auto, (max-width: 767px) 89vw, (max-width: 1000px) 54vw, (max-width: 1071px) 543px, 580px\" \/><\/figure>\n<\/div>\n\n\n<p><strong>Beneficios del masaje Er\u00f3tico-T\u00e1ntrico<\/strong><\/p>\n\n\n\n<p>Adem\u00e1s de ofrecer un espacio seguro para conocer el poder de tu sexualidad sin presiones ni juicios, el masaje t\u00e1ntrico tiene otros poderosos beneficios:<\/p>\n\n\n\n<ul class=\"wp-block-list\">\n<li>Mejora tu resistencia sexual<\/li>\n\n\n\n<li>Mejora la calidad de tus orgasmos<\/li>\n\n\n\n<li>Ayuda a aliviar el dolor<\/li>\n\n\n\n<li>Proporciona alivio del estr\u00e9s<\/li>\n\n\n\n<li>Mejora la calidad del sue\u00f1o<\/li>\n\n\n\n<li>Es un buen paso hacia la curaci\u00f3n de bloqueos emocionales<\/li>\n\n\n\n<li>Te ayuda en el despertar espiritual<\/li>\n<\/ul>","protected":false},"excerpt":{"rendered":"<p>Full professional relaxing massage raised up to a pleasant erotic-tantric massage that can lead you to a unique experience. Guadalajara, M\u00e9xico What is a tantric massage? An erotic tantric massage is a healing, nourishing, intimate, relaxing and decontracting massage, during which your whole body receives pleasure and if you immerse yourself in it, you can &hellip; <\/p>\n<p class=\"link-more\"><a href=\"https:\/\/ertantric.com\/es\/\" class=\"more-link\">Continuar leyendo<span class=\"screen-reader-text\"> &#8220;THE BEST EROTIC TANTRIC MASSAGE EXPERIENCE IN GUADALAJARA&#8221;<\/span><\/a><\/p>","protected":false},"author":1,"featured_media":0,"parent":0,"menu_order":0,"comment_status":"closed","ping_status":"closed","template":"","meta":{"footnotes":""},"class_list":["post-18","page","type-page","status-publish","hentry"],"_links":{"self":[{"href":"https:\/\/ertantric.com\/es\/wp-json\/wp\/v2\/pages\/18","targetHints":{"allow":["GET"]}}],"collection":[{"href":"https:\/\/ertantric.com\/es\/wp-json\/wp\/v2\/pages"}],"about":[{"href":"https:\/\/ertantric.com\/es\/wp-json\/wp\/v2\/types\/page"}],"author":[{"embeddable":true,"href":"https:\/\/ertantric.com\/es\/wp-json\/wp\/v2\/users\/1"}],"replies":[{"embeddable":true,"href":"https:\/\/ertantric.com\/es\/wp-json\/wp\/v2\/comments?post=18"}],"version-history":[{"count":3,"href":"https:\/\/ertantric.com\/es\/wp-json\/wp\/v2\/pages\/18\/revisions"}],"predecessor-version":[{"id":624,"href":"https:\/\/ertantric.com\/es\/wp-json\/wp\/v2\/pages\/18\/revisions\/624"}],"wp:attachment":[{"href":"https:\/\/ertantric.com\/es\/wp-json\/wp\/v2\/media?parent=18"}],"curies":[{"name":"wp","href":"https:\/\/api.w.org\/{rel}","templated":true}]}}