{"id":3,"date":"2021-01-16T05:45:36","date_gmt":"2021-01-16T05:45:36","guid":{"rendered":"https:\/\/ertantric.com\/?page_id=3"},"modified":"2021-01-26T22:59:19","modified_gmt":"2021-01-26T22:59:19","slug":"politica-privacidad","status":"publish","type":"page","link":"https:\/\/ertantric.com\/es\/politica-privacidad\/","title":{"rendered":"Pol\u00edticas de privacidad y confidencialidad"},"content":{"rendered":"<p>Este sitio web utiliza la informaci\u00f3n proporcionada por los usuarios para brindarles el mejor servicio posible, los datos personales proporcionados aqu\u00ed no ser\u00e1n compartidos con terceros, entiendo la necesidad de privacidad sobre la identidad de los usuarios.<\/p>\n\n\n\n<p>Creo que la discreci\u00f3n y la confidencialidad tambi\u00e9n son muy importantes para ti, as\u00ed que seamos prudentes para establecer una relaci\u00f3n fruct\u00edfera.<\/p>\n\n\n\n<p>Tambi\u00e9n me doy cuenta de que hay muchos proveedores de este servicio a elegir y agradezco que me hayas elegido a m\u00ed.<\/p>","protected":false},"excerpt":{"rendered":"<p>This website uses the information provided by users in order to give them the best possible service, the personal data given here will not be shared with third parties, I understand the need for privacy about the identity of the users. I believe that discretion and confidentiality are also very important to you, so let&#8217;s &hellip; <\/p>\n<p class=\"link-more\"><a href=\"https:\/\/ertantric.com\/es\/politica-privacidad\/\" class=\"more-link\">Continuar leyendo<span class=\"screen-reader-text\"> &#8220;Privacy &#038; Confidentiality Policies&#8221;<\/span><\/a><\/p>","protected":false},"author":1,"featured_media":0,"parent":0,"menu_order":0,"comment_status":"closed","ping_status":"open","template":"","meta":{"footnotes":""},"class_list":["post-3","page","type-page","status-publish","hentry"],"_links":{"self":[{"href":"https:\/\/ertantric.com\/es\/wp-json\/wp\/v2\/pages\/3","targetHints":{"allow":["GET"]}}],"collection":[{"href":"https:\/\/ertantric.com\/es\/wp-json\/wp\/v2\/pages"}],"about":[{"href":"https:\/\/ertantric.com\/es\/wp-json\/wp\/v2\/types\/page"}],"author":[{"embeddable":true,"href":"https:\/\/ertantric.com\/es\/wp-json\/wp\/v2\/users\/1"}],"replies":[{"embeddable":true,"href":"https:\/\/ertantric.com\/es\/wp-json\/wp\/v2\/comments?post=3"}],"version-history":[{"count":0,"href":"https:\/\/ertantric.com\/es\/wp-json\/wp\/v2\/pages\/3\/revisions"}],"wp:attachment":[{"href":"https:\/\/ertantric.com\/es\/wp-json\/wp\/v2\/media?parent=3"}],"curies":[{"name":"wp","href":"https:\/\/api.w.org\/{rel}","templated":true}]}}