{"id":45,"date":"2021-01-20T23:18:10","date_gmt":"2021-01-20T23:18:10","guid":{"rendered":"https:\/\/ertantric.com\/?page_id=45"},"modified":"2025-11-11T06:58:38","modified_gmt":"2025-11-11T06:58:38","slug":"erotic-tantric-massage-in-guadalajara","status":"publish","type":"page","link":"https:\/\/ertantric.com\/es\/erotic-tantric-massage-in-guadalajara\/","title":{"rendered":"MASAJE ER\u00d3TICO-T\u00c1NTRICO EN GUADALAJARA"},"content":{"rendered":"<div class=\"wp-block-image\">\n<figure class=\"aligncenter size-large\"><img loading=\"lazy\" decoding=\"async\" width=\"1024\" height=\"683\" src=\"https:\/\/ertantric.com\/wp-content\/uploads\/2022\/10\/erotic-massage-1024x683.jpg\" alt=\"\" class=\"wp-image-394\" title=\"Erotic Tantric Massage\" srcset=\"https:\/\/ertantric.com\/wp-content\/uploads\/2022\/10\/erotic-massage-1024x683.jpg 1024w, https:\/\/ertantric.com\/wp-content\/uploads\/2022\/10\/erotic-massage-300x200.jpg 300w, https:\/\/ertantric.com\/wp-content\/uploads\/2022\/10\/erotic-massage-768x512.jpg 768w, https:\/\/ertantric.com\/wp-content\/uploads\/2022\/10\/erotic-massage-18x12.jpg 18w, https:\/\/ertantric.com\/wp-content\/uploads\/2022\/10\/erotic-massage.jpg 1080w\" sizes=\"auto, (max-width: 767px) 89vw, (max-width: 1000px) 54vw, (max-width: 1071px) 543px, 580px\" \/><figcaption class=\"wp-element-caption\"> La Experiencia del Masaje Er\u00f3tico-T\u00e1ntrico en Guadalajara<\/figcaption><\/figure>\n<\/div>\n\n\n<p><strong>\u00bfEst\u00e1s buscando una experiencia de cuerpo completo realmente asombrosa?<\/strong><\/p>\n\n\n\n<p>Entonces imagina una sesi\u00f3n \u00fanica, adaptada a tus necesidades espec\u00edficas. <br>Simplemente recu\u00e9state, cierra los ojos y d\u00e9jame crear la magia a trav\u00e9s de mis manos, desde la cabeza hasta los dedos de los pies, incluyendo cada cent\u00edmetro.<\/p>\n\n\n\n<p>Ideal para viajeros que sufren de jet-lag ... U hombres de negocios (y mujeres tambi\u00e9n) que experimentan mucho estr\u00e9s ... O para aquellos con m\u00fasculos adoloridos por una dura rutina en el gimnasio ... O porque solo necesitas resetearte de vez en cuando, olvidarte del d\u00eda y pasar un momento m\u00e1s que agradable.<\/p>\n\n\n\n<p>Puedo trabajar en tu cuerpo por la ma\u00f1ana, por la tarde o por la noche. Una experiencia tranquila y relajante te est\u00e1 esperando ... para hacerte sentir incre\u00edble.<\/p>\n\n\n\n<p><strong>Mi nombre es Samantha.<\/strong> Tengo 48 a\u00f1os.<\/p>\n\n\n\n<p>Soy masajista profesional, certificada, independiente, y educada; de buen cuerpo, limpia y discreta, adem\u00e1s de buena para escuchar y conversar. <\/p>\n\n\n\n<p>Puedo visitarte en tu habitaci\u00f3n de hotel o motel. <\/p>\n\n\n\n<p>Todo seguro y con total discreci\u00f3n.<\/p>\n\n\n\n<h2 class=\"wp-block-heading\">\u00bf En que consiste el <strong>Masaje<\/strong> <strong>Ertantric<\/strong> ? <\/h2>\n\n\n\n<p>Para comenzar, ser\u00e1s guiado a un estado relajado y receptivo. Colocando mis c\u00e1lidas y suaves manos sobre ti empiezo a acariciar y mover tu cuerpo suavemente con suaves manipulaciones, propias de un masaje regular. Puedo trabajar en las zonas con m\u00e1s presi\u00f3n donde hay tensi\u00f3n y estr\u00e9s y al mismo tiempo masajearte con muchas caricias largas, lentas y sensuales, con especial atenci\u00f3n a tus zonas er\u00f3ticas y er\u00f3genas.<\/p>\n\n\n\n<p>Puedes sentir todo tu cuerpo vibrando en un aura de energ\u00eda org\u00e1smica o experimentar toda una gama de nuevas sensaciones, percepciones, sentimientos o estados alterados. Tu lingam o pene (que en s\u00e1nscrito significa \u00abvara de luz\u00bb) recibe mucha atenci\u00f3n, al igual que tus nalgas, tus test\u00edculos y los m\u00fasculos alrededor de tu ano. Si necesitas un masaje prost\u00e1tico, o en el caso de las mujeres, <strong>un masaje del punto G<\/strong>, solo h\u00e1zmelo saber (Todo siempre es con tu consentimiento).<\/p>\n\n\n\n<p>Esta es una oportunidad para conocer profundamente tu potencial sexual si eso es lo que deseas. Puedes esperar que te toque no solo con mis manos y mi cuerpo, sino tambi\u00e9n con mi presencia, empat\u00eda, comprensi\u00f3n y complicidad. <\/p>\n\n\n\n<p><strong>Este masaje NO ES un servicio sexual, pero incluye un final feliz.<\/strong> Puede haber contacto mutuo de forma respetuosa, pero tambi\u00e9n agradable y relajante. Si est\u00e1s presente en tu cuerpo y en la experiencia, eso tambi\u00e9n es emocionante, energizante y placentero para m\u00ed.<\/p>\n\n\n\n<p>Mi objetivo es asegurarme de que tu tiempo conmigo sea intensamente gratificante en todos los sentidos. <\/p>\n\n\n\n<p>Una experiencia para probar.<\/p>\n\n\n\n<p class=\"has-text-align-center\"><strong>PRIVACIDAD Y CONFIDENCIALIDAD<\/strong><\/p>\n\n\n\n<p class=\"has-text-align-center\">Entiendo que la privacidad y la confidencialidad tambi\u00e9n son muy importantes para ti, tanto como la discreci\u00f3n, as\u00ed que seamos prudentes y construyamos una relaci\u00f3n fruct\u00edfera.<br>S\u00e9 que hay muchos proveedores de este servicio a elegir y agradezco que me hayas elegido a m\u00ed.<\/p>\n\n\n\n<p class=\"has-text-align-center\">* Atiendo damas y caballeros *<\/p>\n\n\n\n<p class=\"has-text-align-center\">* Hablo espa\u00f1ol e ingl\u00e9s *<\/p>\n\n\n\n<p class=\"has-text-align-center\"><br>\u00bfTe interesa? Cont\u00e1ctame\u2026<br><\/p>","protected":false},"excerpt":{"rendered":"<p>Are you looking for a truly amazing full-body experience? Then imagine a unique session tailored to your specific needs. Just lie down, close your eyes, and let me do the magic through my touch\u2014from your head to your toes\u2014including every inch of you. Ideal for travelers suffering from jet lag or for businessmen (and women &hellip; <\/p>\n<p class=\"link-more\"><a href=\"https:\/\/ertantric.com\/es\/erotic-tantric-massage-in-guadalajara\/\" class=\"more-link\">Continuar leyendo<span class=\"screen-reader-text\"> &#8220;EROTIC-TANTRIC MASSAGE IN GUADALAJARA&#8221;<\/span><\/a><\/p>","protected":false},"author":1,"featured_media":0,"parent":0,"menu_order":0,"comment_status":"closed","ping_status":"closed","template":"","meta":{"footnotes":""},"class_list":["post-45","page","type-page","status-publish","hentry"],"_links":{"self":[{"href":"https:\/\/ertantric.com\/es\/wp-json\/wp\/v2\/pages\/45","targetHints":{"allow":["GET"]}}],"collection":[{"href":"https:\/\/ertantric.com\/es\/wp-json\/wp\/v2\/pages"}],"about":[{"href":"https:\/\/ertantric.com\/es\/wp-json\/wp\/v2\/types\/page"}],"author":[{"embeddable":true,"href":"https:\/\/ertantric.com\/es\/wp-json\/wp\/v2\/users\/1"}],"replies":[{"embeddable":true,"href":"https:\/\/ertantric.com\/es\/wp-json\/wp\/v2\/comments?post=45"}],"version-history":[{"count":2,"href":"https:\/\/ertantric.com\/es\/wp-json\/wp\/v2\/pages\/45\/revisions"}],"predecessor-version":[{"id":601,"href":"https:\/\/ertantric.com\/es\/wp-json\/wp\/v2\/pages\/45\/revisions\/601"}],"wp:attachment":[{"href":"https:\/\/ertantric.com\/es\/wp-json\/wp\/v2\/media?parent=45"}],"curies":[{"name":"wp","href":"https:\/\/api.w.org\/{rel}","templated":true}]}}